{"id":784,"date":"2025-05-29T15:39:02","date_gmt":"2025-05-29T15:39:02","guid":{"rendered":"https:\/\/gurtaahhut.com\/?page_id=784"},"modified":"2025-05-29T16:03:33","modified_gmt":"2025-05-29T16:03:33","slug":"hizmetlerimiz","status":"publish","type":"page","link":"https:\/\/gurtaahhut.com\/index.php\/hizmetlerimiz\/","title":{"rendered":""},"content":{"rendered":"\n<div class=\"wp-block-group alignfull has-white-background-color has-background is-layout-constrained wp-block-group-is-layout-constrained\" style=\"padding-top:7rem;padding-bottom:7rem\">\n<div class=\"wp-block-stackable-heading stk-block-heading stk-block-heading--v2 stk-block stk-3f0f87f\" id=\"hizmetlerimiz\" data-block-id=\"3f0f87f\"><h2 class=\"stk-block-heading__text\">H\u0130ZMETLER\u0130M\u0130Z<\/h2><\/div>\n\n\n\n<div class=\"wp-block-columns is-layout-flex wp-container-core-columns-is-layout-643ced6b wp-block-columns-is-layout-flex\">\n<div class=\"wp-block-column is-layout-flow wp-block-column-is-layout-flow\">\n<div class=\"wp-block-cover is-light has-custom-content-position is-position-bottom-center\" style=\"border-radius:20px;padding-top:30px;padding-right:30px;padding-bottom:30px;padding-left:30px;min-height:650px;aspect-ratio:unset;\"><img loading=\"lazy\" decoding=\"async\" width=\"940\" height=\"788\" class=\"wp-block-cover__image-background wp-image-791 size-full\" alt=\"\" src=\"https:\/\/gurtaahhut.com\/wp-content\/uploads\/2025\/05\/1.png\" data-object-fit=\"cover\" srcset=\"https:\/\/gurtaahhut.com\/wp-content\/uploads\/2025\/05\/1.png 940w, https:\/\/gurtaahhut.com\/wp-content\/uploads\/2025\/05\/1-300x251.png 300w, https:\/\/gurtaahhut.com\/wp-content\/uploads\/2025\/05\/1-768x644.png 768w\" sizes=\"auto, (max-width: 940px) 100vw, 940px\" \/><span aria-hidden=\"true\" class=\"wp-block-cover__background has-background-dim-0 has-background-dim\"><\/span><div class=\"wp-block-cover__inner-container is-layout-constrained wp-container-core-cover-is-layout-edcd9cee wp-block-cover-is-layout-constrained\">\n<div class=\"wp-block-group has-white-background-color has-background is-layout-constrained wp-container-core-group-is-layout-edcd9cee wp-block-group-is-layout-constrained\" style=\"border-radius:10px;padding-top:30px;padding-right:30px;padding-bottom:30px;padding-left:30px\">\n<h2 class=\"wp-block-heading has-black-color has-text-color has-link-color has-medium-font-size wp-elements-17552d0f83fe6f1d93c2be6f28f74391\" style=\"margin-top:0\">\u00c7EL\u0130K KONSTR\u00dcKS\u0130YON FABR\u0130KA<\/h2>\n\n\n\n<p class=\"has-text-color has-link-color wp-elements-db0ed087f8b680df4fdd6f7908a494be\" style=\"color:#000000a8;margin-bottom:30px\">G\u00fcr Taahh\u00fct olarak, \u00e7elik konstr\u00fcksiyon alan\u0131nda sahip oldu\u011fumuz m\u00fchendislik bilgisi, proje y\u00f6netim tecr\u00fcbemiz ve kaliteli uygulama g\u00fcc\u00fcm\u00fczle; sanayi kurulu\u015flar\u0131 i\u00e7in esnek, uzun \u00f6m\u00fcrl\u00fc ve fonksiyonel fabrika yap\u0131lar\u0131 in\u015fa ediyoruz.<\/p>\n\n\n\n<p class=\"has-black-color has-text-color has-link-color wp-elements-95e3c4e8379790ed589539616f78d136\" style=\"font-style:normal;font-weight:500\"><a href=\"#\">DEVAMI \u2192<\/a><\/p>\n<\/div>\n<\/div><\/div>\n\n\n\n<div class=\"wp-block-cover is-light has-custom-content-position is-position-bottom-center\" style=\"border-radius:20px;padding-top:30px;padding-right:30px;padding-bottom:30px;padding-left:30px;min-height:650px;aspect-ratio:unset;\"><img loading=\"lazy\" decoding=\"async\" width=\"940\" height=\"788\" class=\"wp-block-cover__image-background wp-image-794 size-full\" alt=\"\" src=\"https:\/\/gurtaahhut.com\/wp-content\/uploads\/2025\/05\/4.png\" data-object-fit=\"cover\" srcset=\"https:\/\/gurtaahhut.com\/wp-content\/uploads\/2025\/05\/4.png 940w, https:\/\/gurtaahhut.com\/wp-content\/uploads\/2025\/05\/4-300x251.png 300w, https:\/\/gurtaahhut.com\/wp-content\/uploads\/2025\/05\/4-768x644.png 768w\" sizes=\"auto, (max-width: 940px) 100vw, 940px\" \/><span aria-hidden=\"true\" class=\"wp-block-cover__background has-background-dim-0 has-background-dim\"><\/span><div class=\"wp-block-cover__inner-container is-layout-constrained wp-container-core-cover-is-layout-edcd9cee wp-block-cover-is-layout-constrained\">\n<div class=\"wp-block-group has-white-background-color has-background is-layout-constrained wp-container-core-group-is-layout-edcd9cee wp-block-group-is-layout-constrained\" style=\"border-radius:10px;padding-top:30px;padding-right:30px;padding-bottom:30px;padding-left:30px\">\n<h2 class=\"wp-block-heading has-black-color has-text-color has-link-color has-medium-font-size wp-elements-f6e67ccc6e0c4d5475ba22a318a62697\" style=\"margin-top:0\">TAAHH\u00dcT PROJELER<\/h2>\n\n\n\n<p class=\"has-text-color has-link-color wp-elements-f7297b5e14e8ed8802030df92a6fabd3\" style=\"color:#000000a8;margin-bottom:30px\">Taahh\u00fct projeleri, yaln\u0131zca bir in\u015faat s\u00fcreci de\u011fil; planlama, organizasyon, m\u00fchendislik, kaynak y\u00f6netimi ve zamanlaman\u0131n kusursuz bir b\u00fct\u00fcnl\u00fckle y\u00fcr\u00fct\u00fclmesini gerektiren \u00e7ok y\u00f6nl\u00fc s\u00fcre\u00e7lerdir.<\/p>\n\n\n\n<p class=\"has-black-color has-text-color has-link-color wp-elements-95e3c4e8379790ed589539616f78d136\" style=\"font-style:normal;font-weight:500\"><a href=\"#\">DEVAMI \u2192<\/a><\/p>\n<\/div>\n<\/div><\/div>\n<\/div>\n\n\n\n<div class=\"wp-block-column is-layout-flow wp-block-column-is-layout-flow\">\n<div class=\"wp-block-cover is-light has-custom-content-position is-position-bottom-center\" style=\"border-radius:20px;padding-top:30px;padding-right:30px;padding-bottom:30px;padding-left:30px;min-height:650px;aspect-ratio:unset;\"><img loading=\"lazy\" decoding=\"async\" width=\"940\" height=\"788\" class=\"wp-block-cover__image-background wp-image-792 size-full\" alt=\"\" src=\"https:\/\/gurtaahhut.com\/wp-content\/uploads\/2025\/05\/2.png\" data-object-fit=\"cover\" srcset=\"https:\/\/gurtaahhut.com\/wp-content\/uploads\/2025\/05\/2.png 940w, https:\/\/gurtaahhut.com\/wp-content\/uploads\/2025\/05\/2-300x251.png 300w, https:\/\/gurtaahhut.com\/wp-content\/uploads\/2025\/05\/2-768x644.png 768w\" sizes=\"auto, (max-width: 940px) 100vw, 940px\" \/><span aria-hidden=\"true\" class=\"wp-block-cover__background has-background-dim-0 has-background-dim\"><\/span><div class=\"wp-block-cover__inner-container is-layout-constrained wp-container-core-cover-is-layout-edcd9cee wp-block-cover-is-layout-constrained\">\n<div class=\"wp-block-group has-white-background-color has-background is-layout-constrained wp-container-core-group-is-layout-edcd9cee wp-block-group-is-layout-constrained\" style=\"border-radius:10px;padding-top:30px;padding-right:30px;padding-bottom:30px;padding-left:30px\">\n<h2 class=\"wp-block-heading has-black-color has-text-color has-link-color has-medium-font-size wp-elements-b9ecb66122d66d8e06ef6eb03a4791c7\" style=\"margin-top:0\">\u00c7EL\u0130K KONSTR\u00dcKS\u0130YON EV\/V\u0130LLA<\/h2>\n\n\n\n<p class=\"has-text-color has-link-color wp-elements-2e05755aa6b5ffa8d8aec62bd8e95461\" style=\"color:#000000a8;margin-bottom:30px\">Modern mimarinin estetik anlay\u0131\u015f\u0131n\u0131 m\u00fchendisli\u011fin sa\u011flaml\u0131\u011f\u0131yla bulu\u015fturan <strong>\u00e7elik konstr\u00fcksiyon ev ve villa sistemleri<\/strong>, hem dayan\u0131kl\u0131l\u0131k hem de tasar\u0131m \u00f6zg\u00fcrl\u00fc\u011f\u00fc a\u00e7\u0131s\u0131ndan g\u00fcn\u00fcm\u00fczde en \u00e7ok tercih edilen yap\u0131 \u00e7\u00f6z\u00fcmlerinden biridir.<\/p>\n\n\n\n<p class=\"has-black-color has-text-color has-link-color wp-elements-95e3c4e8379790ed589539616f78d136\" style=\"font-style:normal;font-weight:500\"><a href=\"#\">DEVAMI \u2192<\/a><\/p>\n<\/div>\n<\/div><\/div>\n<\/div>\n\n\n\n<div class=\"wp-block-column is-layout-flow wp-block-column-is-layout-flow\">\n<div class=\"wp-block-cover is-light has-custom-content-position is-position-bottom-center\" style=\"border-radius:20px;padding-top:30px;padding-right:30px;padding-bottom:30px;padding-left:30px;min-height:650px;aspect-ratio:unset;\"><img loading=\"lazy\" decoding=\"async\" width=\"940\" height=\"788\" class=\"wp-block-cover__image-background wp-image-793 size-full\" alt=\"\" src=\"https:\/\/gurtaahhut.com\/wp-content\/uploads\/2025\/05\/3.png\" data-object-fit=\"cover\" srcset=\"https:\/\/gurtaahhut.com\/wp-content\/uploads\/2025\/05\/3.png 940w, https:\/\/gurtaahhut.com\/wp-content\/uploads\/2025\/05\/3-300x251.png 300w, https:\/\/gurtaahhut.com\/wp-content\/uploads\/2025\/05\/3-768x644.png 768w\" sizes=\"auto, (max-width: 940px) 100vw, 940px\" \/><span aria-hidden=\"true\" class=\"wp-block-cover__background has-background-dim-0 has-background-dim\"><\/span><div class=\"wp-block-cover__inner-container is-layout-constrained wp-container-core-cover-is-layout-edcd9cee wp-block-cover-is-layout-constrained\">\n<div class=\"wp-block-group has-white-background-color has-background is-layout-constrained wp-container-core-group-is-layout-edcd9cee wp-block-group-is-layout-constrained\" style=\"border-radius:10px;padding-top:30px;padding-right:30px;padding-bottom:30px;padding-left:30px\">\n<h2 class=\"wp-block-heading has-black-color has-text-color has-link-color has-medium-font-size wp-elements-544b0147c63f59f7aa176f3038ceef52\" style=\"margin-top:0\">PREFABR\u0130K KONTEYNER <br>(Ofis-Ev-Ya\u015fam Alan\u0131 )<\/h2>\n\n\n\n<p class=\"has-text-color has-link-color wp-elements-64e25e9548c5917e52468aebeb1fe3e6\" style=\"color:#000000a8;margin-bottom:30px\">G\u00fcn\u00fcm\u00fcz d\u00fcnyas\u0131nda h\u0131zla de\u011fi\u015fen ya\u015fam ko\u015fullar\u0131 ve artan mobilite ihtiyac\u0131, konut ve i\u015f yeri \u00e7\u00f6z\u00fcmlerinde daha esnek, ekonomik ve h\u0131zl\u0131 alternatifleri g\u00fcndeme getirmi\u015ftir.<\/p>\n\n\n\n<p class=\"has-black-color has-text-color has-link-color wp-elements-95e3c4e8379790ed589539616f78d136\" style=\"font-style:normal;font-weight:500\"><a href=\"#\">DEVAMI \u2192<\/a><\/p>\n<\/div>\n<\/div><\/div>\n\n\n\n<div class=\"wp-block-cover has-custom-content-position is-position-bottom-center\" style=\"border-radius:20px;padding-top:30px;padding-right:30px;padding-bottom:30px;padding-left:30px;min-height:650px;aspect-ratio:unset;\"><img loading=\"lazy\" decoding=\"async\" width=\"940\" height=\"788\" class=\"wp-block-cover__image-background wp-image-795 size-full\" alt=\"\" src=\"https:\/\/gurtaahhut.com\/wp-content\/uploads\/2025\/05\/5.png\" data-object-fit=\"cover\" srcset=\"https:\/\/gurtaahhut.com\/wp-content\/uploads\/2025\/05\/5.png 940w, https:\/\/gurtaahhut.com\/wp-content\/uploads\/2025\/05\/5-300x251.png 300w, https:\/\/gurtaahhut.com\/wp-content\/uploads\/2025\/05\/5-768x644.png 768w\" sizes=\"auto, (max-width: 940px) 100vw, 940px\" \/><span aria-hidden=\"true\" class=\"wp-block-cover__background has-background-dim-0 has-background-dim\"><\/span><div class=\"wp-block-cover__inner-container is-layout-constrained wp-container-core-cover-is-layout-edcd9cee wp-block-cover-is-layout-constrained\">\n<div class=\"wp-block-group has-white-background-color has-background is-layout-constrained wp-container-core-group-is-layout-edcd9cee wp-block-group-is-layout-constrained\" style=\"border-radius:10px;padding-top:30px;padding-right:30px;padding-bottom:30px;padding-left:30px\">\n<h2 class=\"wp-block-heading has-black-color has-text-color has-link-color has-medium-font-size wp-elements-fa0b8987e2e18fb5feb69e868bd1f863\" style=\"margin-top:0\">KAYNAKLAMA \u0130\u015eLER\u0130 CNC<\/h2>\n\n\n\n<p class=\"has-text-color has-link-color wp-elements-f12513e83e58bd90f2ad4965b1da4114\" style=\"color:#000000a8;margin-bottom:30px\">Modern \u00fcretim sekt\u00f6r\u00fcn\u00fcn temel ta\u015flar\u0131ndan biri olan <strong>kaynaklama<\/strong> ve <strong>CNC (Computer Numerical Control)<\/strong> i\u015flemleri, metal ve \u00e7elik i\u015fleme s\u00fcre\u00e7lerinde y\u00fcksek hassasiyet, mukavemet ve uzun \u00f6m\u00fcrl\u00fc \u00e7\u00f6z\u00fcmler sunar.<\/p>\n\n\n\n<p class=\"has-black-color has-text-color has-link-color wp-elements-95e3c4e8379790ed589539616f78d136\" style=\"font-style:normal;font-weight:500\"><a href=\"#\">DEVAMI \u2192<\/a><\/p>\n<\/div>\n<\/div><\/div>\n<\/div>\n<\/div>\n<\/div>\n\n\n\n<p><\/p>\n","protected":false},"excerpt":{"rendered":"<p>H\u0130ZMETLER\u0130M\u0130Z<\/p>\n","protected":false},"author":1,"featured_media":0,"parent":0,"menu_order":0,"comment_status":"closed","ping_status":"closed","template":"","meta":{"footnotes":""},"class_list":["post-784","page","type-page","status-publish","hentry"],"blocksy_meta":[],"_links":{"self":[{"href":"https:\/\/gurtaahhut.com\/index.php\/wp-json\/wp\/v2\/pages\/784","targetHints":{"allow":["GET"]}}],"collection":[{"href":"https:\/\/gurtaahhut.com\/index.php\/wp-json\/wp\/v2\/pages"}],"about":[{"href":"https:\/\/gurtaahhut.com\/index.php\/wp-json\/wp\/v2\/types\/page"}],"author":[{"embeddable":true,"href":"https:\/\/gurtaahhut.com\/index.php\/wp-json\/wp\/v2\/users\/1"}],"replies":[{"embeddable":true,"href":"https:\/\/gurtaahhut.com\/index.php\/wp-json\/wp\/v2\/comments?post=784"}],"version-history":[{"count":4,"href":"https:\/\/gurtaahhut.com\/index.php\/wp-json\/wp\/v2\/pages\/784\/revisions"}],"predecessor-version":[{"id":797,"href":"https:\/\/gurtaahhut.com\/index.php\/wp-json\/wp\/v2\/pages\/784\/revisions\/797"}],"wp:attachment":[{"href":"https:\/\/gurtaahhut.com\/index.php\/wp-json\/wp\/v2\/media?parent=784"}],"curies":[{"name":"wp","href":"https:\/\/api.w.org\/{rel}","templated":true}]}}