{"id":694,"date":"2025-05-28T12:01:26","date_gmt":"2025-05-28T12:01:26","guid":{"rendered":"https:\/\/gurtaahhut.com\/?page_id=694"},"modified":"2025-05-29T14:54:49","modified_gmt":"2025-05-29T14:54:49","slug":"surdurulebilirlik","status":"publish","type":"page","link":"https:\/\/gurtaahhut.com\/index.php\/surdurulebilirlik\/","title":{"rendered":""},"content":{"rendered":"\n<p><\/p>\n\n\n\n<div class=\"wp-block-stackable-card stk-block-card stk-block stk-420a650 is-style-default\" data-v=\"2\" data-block-id=\"420a650\"><style>.stk-420a650 {margin-top:68px !important;}.stk-420a650 .stk-block-card__image{height:354px !important;}<\/style><div class=\"stk--no-padding stk-container stk-420a650-container stk-hover-parent\"><figure class=\"stk-block-card__image stk-img-wrapper stk-image--shape-stretch\"><img loading=\"lazy\" decoding=\"async\" class=\"stk-img wp-image-771\" src=\"https:\/\/gurtaahhut.com\/wp-content\/uploads\/2025\/05\/Adsiz-tasarim-4.png\" width=\"851\" height=\"315\" srcset=\"https:\/\/gurtaahhut.com\/wp-content\/uploads\/2025\/05\/Adsiz-tasarim-4.png 851w, https:\/\/gurtaahhut.com\/wp-content\/uploads\/2025\/05\/Adsiz-tasarim-4-300x111.png 300w, https:\/\/gurtaahhut.com\/wp-content\/uploads\/2025\/05\/Adsiz-tasarim-4-768x284.png 768w\" sizes=\"auto, (max-width: 851px) 100vw, 851px\" \/><\/figure><div class=\"stk-container-padding stk-block-card__content\"><div class=\"stk-block-content stk-inner-blocks stk-420a650-inner-blocks\">\n<div class=\"wp-block-stackable-heading stk-block-heading stk-block-heading--v2 stk-block stk-2ba4daa\" id=\"surdurulebilirlik\" data-block-id=\"2ba4daa\"><h2 class=\"stk-block-heading__text\">S\u00dcRD\u00dcR\u00dcLEB\u0130L\u0130RL\u0130K<\/h2><\/div>\n\n\n\n<div class=\"wp-block-stackable-text stk-block-text stk-block stk-1d1db26\" data-block-id=\"1d1db26\"><p class=\"stk-block-text__text\">G\u00fcr Taahh\u00fct olarak s\u00fcrd\u00fcr\u00fclebilirli\u011fi yaln\u0131zca \u00e7evresel bir yakla\u015f\u0131m de\u011fil, b\u00fct\u00fcnc\u00fcl bir y\u00f6netim anlay\u0131\u015f\u0131 olarak benimsiyoruz. Faaliyet g\u00f6sterdi\u011fimiz her alanda; \u00e7evresel, sosyal ve ekonomik dengeyi g\u00f6zeterek uzun vadeli de\u011fer \u00fcretmeyi hedefliyoruz. S\u00fcrd\u00fcr\u00fclebilirlik politikam\u0131z, sadece bug\u00fcn\u00fc de\u011fil, gelecek ku\u015faklar\u0131 da g\u00f6zeten bir sorumluluk bilinciyle \u015fekillenmi\u015ftir.<\/p><\/div>\n\n\n\n<p>\u0130n\u015faat ve taahh\u00fct projelerimizin her a\u015famas\u0131nda do\u011faya sayg\u0131l\u0131, kaynaklar\u0131 verimli kullanan, karbon ayak izini azaltmay\u0131 hedefleyen y\u00f6ntemler tercih ediyoruz. Geri d\u00f6n\u00fc\u015f\u00fcm uygulamalar\u0131na \u00f6nem veriyor, enerji ve su tasarrufu sa\u011flayan \u00e7\u00f6z\u00fcmler geli\u015ftiriyoruz. Kulland\u0131\u011f\u0131m\u0131z malzemelerden i\u015f makinelerine kadar her detayda \u00e7evreye olan etkilerimizi minimize edecek ad\u0131mlar at\u0131yoruz.<\/p>\n\n\n\n<p>Ayn\u0131 zamanda \u00e7al\u0131\u015fanlar\u0131m\u0131z\u0131n sa\u011fl\u0131\u011f\u0131, i\u015f g\u00fcvenli\u011fi, e\u011fitim olanaklar\u0131 ve e\u015fitlik politikalar\u0131 ile sosyal s\u00fcrd\u00fcr\u00fclebilirli\u011fi destekliyor; yerel istihdam ve toplumsal fayda yaratacak projelere \u00f6ncelik veriyoruz. Etik de\u011ferler, insan haklar\u0131 ve \u015feffafl\u0131k ilkeleri do\u011frultusunda hareket ederek t\u00fcm payda\u015flar\u0131m\u0131zla g\u00fcvene dayal\u0131 ili\u015fkiler kuruyoruz.<\/p>\n\n\n\n<p>Ekonomik s\u00fcrd\u00fcr\u00fclebilirlik \u00e7er\u00e7evesinde ise; kaynaklar\u0131m\u0131z\u0131 verimli kullanmay\u0131, maliyet-etkin projeler geli\u015ftirmeyi ve uzun vadeli b\u00fcy\u00fcmeyi esas al\u0131yoruz. Bu yakla\u015f\u0131m sayesinde hem i\u015f ortaklar\u0131m\u0131z hem de m\u00fc\u015fterilerimiz i\u00e7in katma de\u011fer \u00fcreten kal\u0131c\u0131 \u00e7\u00f6z\u00fcmler sunuyoruz.<\/p>\n\n\n\n<p>G\u00fcr Taahh\u00fct olarak inand\u0131\u011f\u0131m\u0131z ilke \u015fudur: S\u00fcrd\u00fcr\u00fclebilirlik, bir tercih de\u011fil; kurumsal bir sorumluluktur. Ya\u015fanabilir \u015fehirler, g\u00fc\u00e7l\u00fc yap\u0131lar ve sa\u011fl\u0131kl\u0131 bir gelecek i\u00e7in s\u00fcrd\u00fcr\u00fclebilirli\u011fi her i\u015fimizin merkezine koymaya devam ediyoruz.<\/p>\n<\/div><\/div><\/div><\/div>\n","protected":false},"excerpt":{"rendered":"<p>S\u00dcRD\u00dcR\u00dcLEB\u0130L\u0130RL\u0130K G\u00fcr Taahh\u00fct olarak s\u00fcrd\u00fcr\u00fclebilirli\u011fi yaln\u0131zca \u00e7evresel bir yakla\u015f\u0131m de\u011fil, b\u00fct\u00fcnc\u00fcl bir y\u00f6netim anlay\u0131\u015f\u0131 olarak benimsiyoruz. Faaliyet g\u00f6sterdi\u011fimiz her alanda; \u00e7evresel, sosyal ve ekonomik dengeyi g\u00f6zeterek uzun vadeli de\u011fer \u00fcretmeyi hedefliyoruz. S\u00fcrd\u00fcr\u00fclebilirlik politikam\u0131z, sadece bug\u00fcn\u00fc de\u011fil, gelecek ku\u015faklar\u0131 da g\u00f6zeten bir sorumluluk bilinciyle \u015fekillenmi\u015ftir. \u0130n\u015faat ve taahh\u00fct projelerimizin her a\u015famas\u0131nda do\u011faya sayg\u0131l\u0131, kaynaklar\u0131 verimli kullanan, [&hellip;]<\/p>\n","protected":false},"author":1,"featured_media":0,"parent":0,"menu_order":0,"comment_status":"closed","ping_status":"closed","template":"","meta":{"footnotes":""},"class_list":["post-694","page","type-page","status-publish","hentry"],"blocksy_meta":[],"_links":{"self":[{"href":"https:\/\/gurtaahhut.com\/index.php\/wp-json\/wp\/v2\/pages\/694","targetHints":{"allow":["GET"]}}],"collection":[{"href":"https:\/\/gurtaahhut.com\/index.php\/wp-json\/wp\/v2\/pages"}],"about":[{"href":"https:\/\/gurtaahhut.com\/index.php\/wp-json\/wp\/v2\/types\/page"}],"author":[{"embeddable":true,"href":"https:\/\/gurtaahhut.com\/index.php\/wp-json\/wp\/v2\/users\/1"}],"replies":[{"embeddable":true,"href":"https:\/\/gurtaahhut.com\/index.php\/wp-json\/wp\/v2\/comments?post=694"}],"version-history":[{"count":3,"href":"https:\/\/gurtaahhut.com\/index.php\/wp-json\/wp\/v2\/pages\/694\/revisions"}],"predecessor-version":[{"id":773,"href":"https:\/\/gurtaahhut.com\/index.php\/wp-json\/wp\/v2\/pages\/694\/revisions\/773"}],"wp:attachment":[{"href":"https:\/\/gurtaahhut.com\/index.php\/wp-json\/wp\/v2\/media?parent=694"}],"curies":[{"name":"wp","href":"https:\/\/api.w.org\/{rel}","templated":true}]}}