{"id":690,"date":"2025-05-28T12:01:25","date_gmt":"2025-05-28T12:01:25","guid":{"rendered":"https:\/\/gurtaahhut.com\/?page_id=690"},"modified":"2025-05-29T16:08:00","modified_gmt":"2025-05-29T16:08:00","slug":"celik-konstruksiyon-ev-villa","status":"publish","type":"page","link":"https:\/\/gurtaahhut.com\/index.php\/celik-konstruksiyon-ev-villa\/","title":{"rendered":""},"content":{"rendered":"\n<div class=\"wp-block-stackable-spacer stk-block-spacer stk--no-padding stk-block stk-5fd1463\" data-block-id=\"5fd1463\"><style>.stk-5fd1463 {height:71px !important;}<\/style><\/div>\n\n\n\n<div class=\"wp-block-stackable-heading stk-block-heading stk-block-heading--v2 stk-block stk-bfa58a9\" id=\"celik-konstruksiyon-ev-villa\" data-block-id=\"bfa58a9\"><h2 class=\"stk-block-heading__text\">\u00c7EL\u0130K KONSTR\u00dcKS\u0130YON EV \/ V\u0130LLA<\/h2><\/div>\n\n\n\n<div class=\"wp-block-stackable-card stk-block-card stk-block stk-9841a16 is-style-default\" data-v=\"2\" data-block-id=\"9841a16\"><style>.stk-9841a16 .stk-block-card__image{height:480px !important;}<\/style><div class=\"stk--no-padding stk-container stk-9841a16-container stk-hover-parent\"><figure class=\"stk-block-card__image stk-img-wrapper stk-image--shape-stretch\"><img loading=\"lazy\" decoding=\"async\" class=\"stk-img wp-image-792\" src=\"https:\/\/gurtaahhut.com\/wp-content\/uploads\/2025\/05\/2.png\" width=\"940\" height=\"788\" srcset=\"https:\/\/gurtaahhut.com\/wp-content\/uploads\/2025\/05\/2.png 940w, https:\/\/gurtaahhut.com\/wp-content\/uploads\/2025\/05\/2-300x251.png 300w, https:\/\/gurtaahhut.com\/wp-content\/uploads\/2025\/05\/2-768x644.png 768w\" sizes=\"auto, (max-width: 940px) 100vw, 940px\" \/><\/figure><div class=\"stk-container-padding stk-block-card__content\"><div class=\"stk-block-content stk-inner-blocks stk-9841a16-inner-blocks\">\n<div class=\"wp-block-stackable-text stk-block-text stk-block stk-188e29b\" data-block-id=\"188e29b\"><p class=\"stk-block-text__text\">Modern mimarinin estetik anlay\u0131\u015f\u0131n\u0131 m\u00fchendisli\u011fin sa\u011flaml\u0131\u011f\u0131yla bulu\u015fturan <strong>\u00e7elik konstr\u00fcksiyon ev ve villa sistemleri<\/strong>, hem dayan\u0131kl\u0131l\u0131k hem de tasar\u0131m \u00f6zg\u00fcrl\u00fc\u011f\u00fc a\u00e7\u0131s\u0131ndan g\u00fcn\u00fcm\u00fczde en \u00e7ok tercih edilen yap\u0131 \u00e7\u00f6z\u00fcmlerinden biridir. G\u00fcr Taahh\u00fct olarak, ya\u015fam alanlar\u0131n\u0131z\u0131 geleneksel in\u015faat y\u00f6ntemlerinden \u00e7ok daha k\u0131sa s\u00fcrede, y\u00fcksek kaliteyle ve s\u00fcrd\u00fcr\u00fclebilirlik anlay\u0131\u015f\u0131yla in\u015fa ediyoruz.<\/p><\/div>\n\n\n\n<p><strong>\u00c7elik konstr\u00fcksiyon evler<\/strong>, ta\u015f\u0131y\u0131c\u0131 sistemin tamamen \u00e7elik profillerle olu\u015fturuldu\u011fu, hafif ancak son derece dayan\u0131kl\u0131 yap\u0131lard\u0131r. Depreme kar\u015f\u0131 y\u00fcksek diren\u00e7 g\u00f6stermeleri, h\u0131zl\u0131 montaj imk\u00e2n\u0131 sunmalar\u0131 ve d\u00fc\u015f\u00fck bak\u0131m maliyetleri ile \u00f6ne \u00e7\u0131karlar. Bu \u00f6zellikleri sayesinde hem g\u00fcvenli hem de uzun \u00f6m\u00fcrl\u00fc bir ya\u015fam alan\u0131 olu\u015fturulmas\u0131na olanak sa\u011flarlar.<\/p>\n\n\n\n<p>Villalarda \u00e7elik konstr\u00fcksiyon kullan\u0131m\u0131, mimari \u00f6zg\u00fcrl\u00fc\u011f\u00fc de beraberinde getirir. Kavisli duvarlar, geni\u015f a\u00e7\u0131kl\u0131klar, y\u00fcksek tavanlar, modern cephe tasar\u0131mlar\u0131 ve a\u00e7\u0131k plan yerle\u015fim gibi bir\u00e7ok mimari detay, bu sistemle rahatl\u0131kla uygulanabilir. G\u00fcr Taahh\u00fct olarak m\u00fc\u015fterilerimizin hayal etti\u011fi ya\u015fam alanlar\u0131n\u0131, i\u015flevsel ve estetik \u00e7\u00f6z\u00fcmlerle ger\u00e7e\u011fe d\u00f6n\u00fc\u015ft\u00fcr\u00fcyoruz.<\/p>\n\n\n\n<p>Ayr\u0131ca \u00e7elik konstr\u00fcksiyon sistemler, \u0131s\u0131 ve ses yal\u0131t\u0131m\u0131nda son teknoloji malzemelerle desteklenerek <strong>enerji verimlili\u011fi<\/strong> a\u00e7\u0131s\u0131ndan da \u00fcst d\u00fczey performans sa\u011flar. Bu sayede hem \u00e7evre dostu bir yap\u0131 elde edilir hem de ya\u015fam konforu art\u0131r\u0131l\u0131r. Su, nem, k\u00fcf ve ha\u015fere gibi problemler ise klasik yap\u0131lara g\u00f6re \u00e7ok daha d\u00fc\u015f\u00fck seviyede ger\u00e7ekle\u015fir.<\/p>\n\n\n\n<p><strong>Montaj s\u00fcreci, geleneksel betonarme yap\u0131lara k\u0131yasla \u00e7ok daha k\u0131sa s\u00fcrelidir.<\/strong> Fabrikada haz\u0131rlanan par\u00e7alar sahaya getirilir ve k\u0131sa s\u00fcrede monte edilerek zaman kayb\u0131 minimuma indirilir. Bu da hem i\u015f\u00e7ilik maliyetlerini d\u00fc\u015f\u00fcr\u00fcr hem de projenin h\u0131zl\u0131 teslimini m\u00fcmk\u00fcn k\u0131lar.<\/p>\n\n\n\n<p><strong>G\u00fcr Taahh\u00fct<\/strong>, \u00e7elik konstr\u00fcksiyon ev ve villa projelerinde; mimari tasar\u0131m, statik proje, malzeme se\u00e7imi, uygulama ve anahtar teslim s\u00fcre\u00e7lerini u\u00e7tan uca profesyonel \u015fekilde y\u00f6netir. Proje bazl\u0131 \u00f6zelle\u015ftirme, yerel iklim ve arazi ko\u015fullar\u0131na uygun yap\u0131 sistemleri ve modern tasar\u0131m anlay\u0131\u015f\u0131yla, hayallerinizdeki evi g\u00fcvenle in\u015fa eder.<\/p>\n<\/div><\/div><\/div><\/div>\n","protected":false},"excerpt":{"rendered":"<p>\u00c7EL\u0130K KONSTR\u00dcKS\u0130YON EV \/ V\u0130LLA Modern mimarinin estetik anlay\u0131\u015f\u0131n\u0131 m\u00fchendisli\u011fin sa\u011flaml\u0131\u011f\u0131yla bulu\u015fturan \u00e7elik konstr\u00fcksiyon ev ve villa sistemleri, hem dayan\u0131kl\u0131l\u0131k hem de tasar\u0131m \u00f6zg\u00fcrl\u00fc\u011f\u00fc a\u00e7\u0131s\u0131ndan g\u00fcn\u00fcm\u00fczde en \u00e7ok tercih edilen yap\u0131 \u00e7\u00f6z\u00fcmlerinden biridir. G\u00fcr Taahh\u00fct olarak, ya\u015fam alanlar\u0131n\u0131z\u0131 geleneksel in\u015faat y\u00f6ntemlerinden \u00e7ok daha k\u0131sa s\u00fcrede, y\u00fcksek kaliteyle ve s\u00fcrd\u00fcr\u00fclebilirlik anlay\u0131\u015f\u0131yla in\u015fa ediyoruz. \u00c7elik konstr\u00fcksiyon evler, [&hellip;]<\/p>\n","protected":false},"author":1,"featured_media":0,"parent":0,"menu_order":0,"comment_status":"closed","ping_status":"closed","template":"","meta":{"footnotes":""},"class_list":["post-690","page","type-page","status-publish","hentry"],"blocksy_meta":[],"_links":{"self":[{"href":"https:\/\/gurtaahhut.com\/index.php\/wp-json\/wp\/v2\/pages\/690","targetHints":{"allow":["GET"]}}],"collection":[{"href":"https:\/\/gurtaahhut.com\/index.php\/wp-json\/wp\/v2\/pages"}],"about":[{"href":"https:\/\/gurtaahhut.com\/index.php\/wp-json\/wp\/v2\/types\/page"}],"author":[{"embeddable":true,"href":"https:\/\/gurtaahhut.com\/index.php\/wp-json\/wp\/v2\/users\/1"}],"replies":[{"embeddable":true,"href":"https:\/\/gurtaahhut.com\/index.php\/wp-json\/wp\/v2\/comments?post=690"}],"version-history":[{"count":3,"href":"https:\/\/gurtaahhut.com\/index.php\/wp-json\/wp\/v2\/pages\/690\/revisions"}],"predecessor-version":[{"id":802,"href":"https:\/\/gurtaahhut.com\/index.php\/wp-json\/wp\/v2\/pages\/690\/revisions\/802"}],"wp:attachment":[{"href":"https:\/\/gurtaahhut.com\/index.php\/wp-json\/wp\/v2\/media?parent=690"}],"curies":[{"name":"wp","href":"https:\/\/api.w.org\/{rel}","templated":true}]}}