{"id":688,"date":"2025-05-28T12:01:24","date_gmt":"2025-05-28T12:01:24","guid":{"rendered":"https:\/\/gurtaahhut.com\/?page_id=688"},"modified":"2025-05-29T14:44:22","modified_gmt":"2025-05-29T14:44:22","slug":"cevre-politikamiz","status":"publish","type":"page","link":"https:\/\/gurtaahhut.com\/index.php\/cevre-politikamiz\/","title":{"rendered":""},"content":{"rendered":"\n<div class=\"wp-block-stackable-card stk-block-card stk-block stk-f2df7ed is-style-default\" data-v=\"2\" data-block-id=\"f2df7ed\"><style>.stk-f2df7ed {margin-top:68px !important;}.stk-f2df7ed .stk-block-card__image{height:350px !important;}<\/style><div class=\"stk--no-padding stk-container stk-f2df7ed-container stk-hover-parent\"><figure class=\"stk-block-card__image stk-img-wrapper stk-image--shape-stretch\"><img loading=\"lazy\" decoding=\"async\" class=\"stk-img wp-image-766\" src=\"https:\/\/gurtaahhut.com\/wp-content\/uploads\/2025\/05\/sustainable-development-goals-still-life-scaled.jpg\" width=\"2560\" height=\"1707\" srcset=\"https:\/\/gurtaahhut.com\/wp-content\/uploads\/2025\/05\/sustainable-development-goals-still-life-scaled.jpg 2560w, https:\/\/gurtaahhut.com\/wp-content\/uploads\/2025\/05\/sustainable-development-goals-still-life-300x200.jpg 300w, https:\/\/gurtaahhut.com\/wp-content\/uploads\/2025\/05\/sustainable-development-goals-still-life-1024x683.jpg 1024w, https:\/\/gurtaahhut.com\/wp-content\/uploads\/2025\/05\/sustainable-development-goals-still-life-768x512.jpg 768w, https:\/\/gurtaahhut.com\/wp-content\/uploads\/2025\/05\/sustainable-development-goals-still-life-1536x1024.jpg 1536w, https:\/\/gurtaahhut.com\/wp-content\/uploads\/2025\/05\/sustainable-development-goals-still-life-2048x1365.jpg 2048w\" sizes=\"auto, (max-width: 2560px) 100vw, 2560px\" \/><\/figure><div class=\"stk-container-padding stk-block-card__content\"><div class=\"stk-block-content stk-inner-blocks stk-f2df7ed-inner-blocks\">\n<div class=\"wp-block-stackable-heading stk-block-heading stk-block-heading--v2 stk-block stk-848712b\" id=\"cevre-politikamiz\" data-block-id=\"848712b\"><h2 class=\"stk-block-heading__text\">\u00c7EVRE POL\u0130T\u0130KAMIZ<\/h2><\/div>\n\n\n\n<div class=\"wp-block-stackable-text stk-block-text stk-block stk-ae325b7\" data-block-id=\"ae325b7\"><p class=\"stk-block-text__text\">G\u00fcr Taahh\u00fct olarak, faaliyet g\u00f6sterdi\u011fimiz t\u00fcm alanlarda \u00e7evreye duyarl\u0131 bir yakla\u015f\u0131m benimsemek; do\u011fal kaynaklar\u0131 koruyarak s\u00fcrd\u00fcr\u00fclebilir kalk\u0131nmaya katk\u0131 sa\u011flamak en \u00f6nemli sorumluluklar\u0131m\u0131zdand\u0131r.<\/p><\/div>\n\n\n\n<p>Projelerimizin her a\u015famas\u0131nda \u00e7evresel etkileri en aza indirmek i\u00e7in titizlikle \u00e7al\u0131\u015f\u0131yor, y\u00fcr\u00fcrl\u00fckteki \u00e7evre mevzuatlar\u0131na ve uluslararas\u0131 standartlara tam uyum sa\u011fl\u0131yoruz. Geri d\u00f6n\u00fc\u015f\u00fcm, at\u0131k y\u00f6netimi, enerji ve su verimlili\u011fi gibi konularda duyarl\u0131 bir sistemle hareket ederek; hem \u015fantiye alanlar\u0131nda hem de ofislerimizde \u00e7evresel fark\u0131ndal\u0131\u011f\u0131 art\u0131racak uygulamalara \u00f6ncelik veriyoruz.<\/p>\n\n\n\n<p>Do\u011fal kaynaklar\u0131n bilin\u00e7li kullan\u0131m\u0131, ekosistemin korunmas\u0131 ve \u00e7evreye sayg\u0131l\u0131 projeler geli\u015ftirilmesi, i\u015f yap\u0131\u015f bi\u00e7imimizin ayr\u0131lmaz bir par\u00e7as\u0131d\u0131r. Bu do\u011frultuda t\u00fcm \u00e7al\u0131\u015fanlar\u0131m\u0131z\u0131 \u00e7evre konusunda bilin\u00e7lendiriyor; tedarik\u00e7ilerimiz ve i\u015f ortaklar\u0131m\u0131zla da \u00e7evresel s\u00fcrd\u00fcr\u00fclebilirlik ilkelerini g\u00f6zeterek i\u015f birli\u011fi kuruyoruz.<\/p>\n\n\n\n<p>Amac\u0131m\u0131z; sadece bug\u00fcn\u00fcn de\u011fil, yar\u0131n\u0131n ya\u015fam alanlar\u0131n\u0131 da korumak, gelecek nesillere daha temiz, sa\u011fl\u0131kl\u0131 ve ya\u015fanabilir bir d\u00fcnya b\u0131rakmakt\u0131r.<\/p>\n\n\n\n<p>G\u00fcr Taahh\u00fct, \u00e7evreye kar\u015f\u0131 duyarl\u0131l\u0131\u011f\u0131n\u0131 her projede somut ad\u0131mlarla g\u00f6steren, sorumluluk sahibi bir kurumdur.<\/p>\n<\/div><\/div><\/div><\/div>\n","protected":false},"excerpt":{"rendered":"<p>\u00c7EVRE POL\u0130T\u0130KAMIZ G\u00fcr Taahh\u00fct olarak, faaliyet g\u00f6sterdi\u011fimiz t\u00fcm alanlarda \u00e7evreye duyarl\u0131 bir yakla\u015f\u0131m benimsemek; do\u011fal kaynaklar\u0131 koruyarak s\u00fcrd\u00fcr\u00fclebilir kalk\u0131nmaya katk\u0131 sa\u011flamak en \u00f6nemli sorumluluklar\u0131m\u0131zdand\u0131r. Projelerimizin her a\u015famas\u0131nda \u00e7evresel etkileri en aza indirmek i\u00e7in titizlikle \u00e7al\u0131\u015f\u0131yor, y\u00fcr\u00fcrl\u00fckteki \u00e7evre mevzuatlar\u0131na ve uluslararas\u0131 standartlara tam uyum sa\u011fl\u0131yoruz. Geri d\u00f6n\u00fc\u015f\u00fcm, at\u0131k y\u00f6netimi, enerji ve su verimlili\u011fi gibi konularda duyarl\u0131 [&hellip;]<\/p>\n","protected":false},"author":1,"featured_media":0,"parent":0,"menu_order":0,"comment_status":"closed","ping_status":"closed","template":"","meta":{"footnotes":""},"class_list":["post-688","page","type-page","status-publish","hentry"],"blocksy_meta":[],"_links":{"self":[{"href":"https:\/\/gurtaahhut.com\/index.php\/wp-json\/wp\/v2\/pages\/688","targetHints":{"allow":["GET"]}}],"collection":[{"href":"https:\/\/gurtaahhut.com\/index.php\/wp-json\/wp\/v2\/pages"}],"about":[{"href":"https:\/\/gurtaahhut.com\/index.php\/wp-json\/wp\/v2\/types\/page"}],"author":[{"embeddable":true,"href":"https:\/\/gurtaahhut.com\/index.php\/wp-json\/wp\/v2\/users\/1"}],"replies":[{"embeddable":true,"href":"https:\/\/gurtaahhut.com\/index.php\/wp-json\/wp\/v2\/comments?post=688"}],"version-history":[{"count":3,"href":"https:\/\/gurtaahhut.com\/index.php\/wp-json\/wp\/v2\/pages\/688\/revisions"}],"predecessor-version":[{"id":769,"href":"https:\/\/gurtaahhut.com\/index.php\/wp-json\/wp\/v2\/pages\/688\/revisions\/769"}],"wp:attachment":[{"href":"https:\/\/gurtaahhut.com\/index.php\/wp-json\/wp\/v2\/media?parent=688"}],"curies":[{"name":"wp","href":"https:\/\/api.w.org\/{rel}","templated":true}]}}