{"id":687,"date":"2025-05-28T12:01:23","date_gmt":"2025-05-28T12:01:23","guid":{"rendered":"https:\/\/gurtaahhut.com\/?page_id=687"},"modified":"2025-05-29T14:35:25","modified_gmt":"2025-05-29T14:35:25","slug":"misyonumuz","status":"publish","type":"page","link":"https:\/\/gurtaahhut.com\/index.php\/misyonumuz\/","title":{"rendered":""},"content":{"rendered":"\n<div class=\"wp-block-stackable-card stk-block-card stk-block stk-830a49b is-style-default\" data-v=\"2\" data-block-id=\"830a49b\"><style>.stk-830a49b {margin-top:47px !important;}.stk-830a49b .stk-block-card__image{height:350px !important;}<\/style><div class=\"stk--no-padding stk-container stk-830a49b-container stk-hover-parent\"><figure class=\"stk-block-card__image stk-img-wrapper stk-image--shape-stretch\"><img loading=\"lazy\" decoding=\"async\" class=\"stk-img wp-image-289\" src=\"https:\/\/gurtaahhut.com\/wp-content\/uploads\/2020\/08\/laura-chouette-14u6sJ6KiyI-unsplash.jpg\" width=\"630\" height=\"350\" srcset=\"https:\/\/gurtaahhut.com\/wp-content\/uploads\/2020\/08\/laura-chouette-14u6sJ6KiyI-unsplash.jpg 630w, https:\/\/gurtaahhut.com\/wp-content\/uploads\/2020\/08\/laura-chouette-14u6sJ6KiyI-unsplash-300x167.jpg 300w\" sizes=\"auto, (max-width: 630px) 100vw, 630px\" \/><\/figure><div class=\"stk-container-padding stk-block-card__content\"><div class=\"stk-block-content stk-inner-blocks stk-830a49b-inner-blocks\">\n<div class=\"wp-block-stackable-heading stk-block-heading stk-block-heading--v2 stk-block stk-65cb301\" id=\"misyonumuz\" data-block-id=\"65cb301\"><h2 class=\"stk-block-heading__text\">M\u0130SYONUMUZ<\/h2><\/div>\n\n\n\n<div class=\"wp-block-stackable-text stk-block-text stk-block stk-1deeada\" data-block-id=\"1deeada\"><p class=\"stk-block-text__text\">G\u00fcr Taahh\u00fct olarak misyonumuz; in\u015faat ve taahh\u00fct sekt\u00f6r\u00fcnde kaliteli, g\u00fcvenilir ve s\u00fcrd\u00fcr\u00fclebilir projeler \u00fcreterek, topluma ve \u00e7evreye de\u011fer katmak; m\u00fc\u015fterilerimize zaman\u0131nda, ekonomik ve y\u00fcksek standartlarda \u00e7\u00f6z\u00fcmler sunmakt\u0131r.Her projeye titizlikle yakla\u015f\u0131r, i\u015fin ba\u015flang\u0131c\u0131ndan teslimine kadar ge\u00e7en s\u00fcre\u00e7te \u015feffaf, planl\u0131 ve disiplinli bir anlay\u0131\u015f\u0131 benimseriz. Hedefimiz yaln\u0131zca yap\u0131lar in\u015fa etmek de\u011fil, ayn\u0131 zamanda g\u00fcven in\u015fa etmektir. Bu do\u011frultuda; i\u015f ortaklar\u0131m\u0131zla uzun vadeli ili\u015fkiler kurar, \u00e7al\u0131\u015fanlar\u0131m\u0131z\u0131n geli\u015fimine yat\u0131r\u0131m yapar ve toplumsal sorumlulu\u011fumuzu her zaman \u00f6n planda tutar\u0131z. M\u00fchendislik bilgi birikimimizi, saha tecr\u00fcbemizi ve yenilik\u00e7i yakla\u015f\u0131m\u0131m\u0131z\u0131 birle\u015ftirerek; estetik, dayan\u0131kl\u0131 ve fonksiyonel yap\u0131lar ortaya koyar\u0131z. G\u00fcr Taahh\u00fct olarak, \u00fclkemizin kalk\u0131nmas\u0131na katk\u0131 sa\u011flayan projelerle, sekt\u00f6rde \u00f6rnek al\u0131nan bir firma olma yolunda emin ad\u0131mlarla ilerliyoruz.<\/p><\/div>\n<\/div><\/div><\/div><\/div>\n\n\n\n<p><\/p>\n","protected":false},"excerpt":{"rendered":"<p>M\u0130SYONUMUZ G\u00fcr Taahh\u00fct olarak misyonumuz; in\u015faat ve taahh\u00fct sekt\u00f6r\u00fcnde kaliteli, g\u00fcvenilir ve s\u00fcrd\u00fcr\u00fclebilir projeler \u00fcreterek, topluma ve \u00e7evreye de\u011fer katmak; m\u00fc\u015fterilerimize zaman\u0131nda, ekonomik ve y\u00fcksek standartlarda \u00e7\u00f6z\u00fcmler sunmakt\u0131r.Her projeye titizlikle yakla\u015f\u0131r, i\u015fin ba\u015flang\u0131c\u0131ndan teslimine kadar ge\u00e7en s\u00fcre\u00e7te \u015feffaf, planl\u0131 ve disiplinli bir anlay\u0131\u015f\u0131 benimseriz. Hedefimiz yaln\u0131zca yap\u0131lar in\u015fa etmek de\u011fil, ayn\u0131 zamanda g\u00fcven in\u015fa etmektir. [&hellip;]<\/p>\n","protected":false},"author":1,"featured_media":0,"parent":0,"menu_order":0,"comment_status":"closed","ping_status":"closed","template":"","meta":{"footnotes":""},"class_list":["post-687","page","type-page","status-publish","hentry"],"blocksy_meta":[],"_links":{"self":[{"href":"https:\/\/gurtaahhut.com\/index.php\/wp-json\/wp\/v2\/pages\/687","targetHints":{"allow":["GET"]}}],"collection":[{"href":"https:\/\/gurtaahhut.com\/index.php\/wp-json\/wp\/v2\/pages"}],"about":[{"href":"https:\/\/gurtaahhut.com\/index.php\/wp-json\/wp\/v2\/types\/page"}],"author":[{"embeddable":true,"href":"https:\/\/gurtaahhut.com\/index.php\/wp-json\/wp\/v2\/users\/1"}],"replies":[{"embeddable":true,"href":"https:\/\/gurtaahhut.com\/index.php\/wp-json\/wp\/v2\/comments?post=687"}],"version-history":[{"count":6,"href":"https:\/\/gurtaahhut.com\/index.php\/wp-json\/wp\/v2\/pages\/687\/revisions"}],"predecessor-version":[{"id":763,"href":"https:\/\/gurtaahhut.com\/index.php\/wp-json\/wp\/v2\/pages\/687\/revisions\/763"}],"wp:attachment":[{"href":"https:\/\/gurtaahhut.com\/index.php\/wp-json\/wp\/v2\/media?parent=687"}],"curies":[{"name":"wp","href":"https:\/\/api.w.org\/{rel}","templated":true}]}}